{"id":1124,"date":"2026-01-21T14:20:30","date_gmt":"2026-01-21T14:20:30","guid":{"rendered":"https:\/\/be-inf.ai\/?page_id=1124"},"modified":"2026-02-13T07:43:24","modified_gmt":"2026-02-13T07:43:24","slug":"cases","status":"publish","type":"page","link":"https:\/\/be-inf.ai\/de\/cases\/","title":{"rendered":"Cases"},"content":{"rendered":"","protected":false},"excerpt":{"rendered":"","protected":false},"author":1,"featured_media":0,"parent":0,"menu_order":0,"comment_status":"closed","ping_status":"closed","template":"templates\/cases.php","meta":{"_acf_changed":false,"content-type":"","footnotes":""},"class_list":["post-1124","page","type-page","status-publish","hentry"],"acf":[],"yoast_head":"<!-- This site is optimized with the Yoast SEO plugin v26.8 - https:\/\/yoast.com\/product\/yoast-seo-wordpress\/ -->\n<title>Cases - be-inf.ai<\/title>\n<meta name=\"description\" content=\"Gemini saidLearn how businesses use AI to make communication hyper-personalized. See real results, like how predictive analytics helped a furniture retailer save \u20ac529K. Our case studies cover retail, finance, healthcare, and SaaS industries\" \/>\n<meta name=\"robots\" content=\"index, follow, max-snippet:-1, max-image-preview:large, max-video-preview:-1\" \/>\n<link rel=\"canonical\" href=\"https:\/\/be-inf.ai\/de\/cases\/\" \/>\n<meta property=\"og:locale\" content=\"de_DE\" \/>\n<meta property=\"og:type\" content=\"article\" \/>\n<meta property=\"og:title\" content=\"Cases - be-inf.ai\" \/>\n<meta property=\"og:description\" content=\"Gemini saidLearn how businesses use AI to make communication hyper-personalized. See real results, like how predictive analytics helped a furniture retailer save \u20ac529K. Our case studies cover retail, finance, healthcare, and SaaS industries\" \/>\n<meta property=\"og:url\" content=\"https:\/\/be-inf.ai\/de\/cases\/\" \/>\n<meta property=\"og:site_name\" content=\"be-inf.ai\" \/>\n<meta property=\"article:modified_time\" content=\"2026-02-13T07:43:24+00:00\" \/>\n<meta name=\"twitter:card\" content=\"summary_large_image\" \/>\n<script type=\"application\/ld+json\" class=\"yoast-schema-graph\">{\"@context\":\"https:\/\/schema.org\",\"@graph\":[{\"@type\":\"WebPage\",\"@id\":\"https:\/\/be-inf.ai\/cases\/\",\"url\":\"https:\/\/be-inf.ai\/cases\/\",\"name\":\"Cases - be-inf.ai\",\"isPartOf\":{\"@id\":\"https:\/\/be-inf.ai\/#website\"},\"datePublished\":\"2026-01-21T14:20:30+00:00\",\"dateModified\":\"2026-02-13T07:43:24+00:00\",\"description\":\"Gemini saidLearn how businesses use AI to make communication hyper-personalized. See real results, like how predictive analytics helped a furniture retailer save \u20ac529K. Our case studies cover retail, finance, healthcare, and SaaS industries\",\"breadcrumb\":{\"@id\":\"https:\/\/be-inf.ai\/cases\/#breadcrumb\"},\"inLanguage\":\"de\",\"potentialAction\":[{\"@type\":\"ReadAction\",\"target\":[\"https:\/\/be-inf.ai\/cases\/\"]}]},{\"@type\":\"BreadcrumbList\",\"@id\":\"https:\/\/be-inf.ai\/cases\/#breadcrumb\",\"itemListElement\":[{\"@type\":\"ListItem\",\"position\":1,\"name\":\"Home\",\"item\":\"https:\/\/be-inf.ai\/\"},{\"@type\":\"ListItem\",\"position\":2,\"name\":\"Cases\"}]},{\"@type\":\"WebSite\",\"@id\":\"https:\/\/be-inf.ai\/#website\",\"url\":\"https:\/\/be-inf.ai\/\",\"name\":\"be-inf.ai\",\"description\":\"\",\"publisher\":{\"@id\":\"https:\/\/be-inf.ai\/#organization\"},\"potentialAction\":[{\"@type\":\"SearchAction\",\"target\":{\"@type\":\"EntryPoint\",\"urlTemplate\":\"https:\/\/be-inf.ai\/?s={search_term_string}\"},\"query-input\":{\"@type\":\"PropertyValueSpecification\",\"valueRequired\":true,\"valueName\":\"search_term_string\"}}],\"inLanguage\":\"de\"},{\"@type\":\"Organization\",\"@id\":\"https:\/\/be-inf.ai\/#organization\",\"name\":\"be-inf.ai\",\"url\":\"https:\/\/be-inf.ai\/\",\"logo\":{\"@type\":\"ImageObject\",\"inLanguage\":\"de\",\"@id\":\"https:\/\/be-inf.ai\/#\/schema\/logo\/image\/\",\"url\":\"https:\/\/be-inf.ai\/wp-content\/uploads\/2025\/12\/Layer_1.svg\",\"contentUrl\":\"https:\/\/be-inf.ai\/wp-content\/uploads\/2025\/12\/Layer_1.svg\",\"caption\":\"be-inf.ai\"},\"image\":{\"@id\":\"https:\/\/be-inf.ai\/#\/schema\/logo\/image\/\"}}]}<\/script>\n<!-- \/ Yoast SEO plugin. -->","yoast_head_json":{"title":"F\u00e4lle - be-inf.ai","description":"Gemini erkl\u00e4rt: Erfahren Sie, wie Unternehmen KI nutzen, um die Kommunikation hochgradig zu personalisieren. Sehen Sie konkrete Ergebnisse, beispielsweise wie pr\u00e4diktive Analysen einem M\u00f6belh\u00e4ndler geholfen haben, 529.000 \u20ac einzusparen. Unsere Fallstudien umfassen die Branchen Einzelhandel, Finanzen, Gesundheitswesen und SaaS.","robots":{"index":"index","follow":"follow","max-snippet":"max-snippet:-1","max-image-preview":"max-image-preview:large","max-video-preview":"max-video-preview:-1"},"canonical":"https:\/\/be-inf.ai\/de\/cases\/","og_locale":"de_DE","og_type":"article","og_title":"Cases - be-inf.ai","og_description":"Gemini saidLearn how businesses use AI to make communication hyper-personalized. See real results, like how predictive analytics helped a furniture retailer save \u20ac529K. Our case studies cover retail, finance, healthcare, and SaaS industries","og_url":"https:\/\/be-inf.ai\/de\/cases\/","og_site_name":"be-inf.ai","article_modified_time":"2026-02-13T07:43:24+00:00","twitter_card":"summary_large_image","schema":{"@context":"https:\/\/schema.org","@graph":[{"@type":"WebPage","@id":"https:\/\/be-inf.ai\/cases\/","url":"https:\/\/be-inf.ai\/cases\/","name":"F\u00e4lle - be-inf.ai","isPartOf":{"@id":"https:\/\/be-inf.ai\/#website"},"datePublished":"2026-01-21T14:20:30+00:00","dateModified":"2026-02-13T07:43:24+00:00","description":"Gemini erkl\u00e4rt: Erfahren Sie, wie Unternehmen KI nutzen, um die Kommunikation hochgradig zu personalisieren. Sehen Sie konkrete Ergebnisse, beispielsweise wie pr\u00e4diktive Analysen einem M\u00f6belh\u00e4ndler geholfen haben, 529.000 \u20ac einzusparen. Unsere Fallstudien umfassen die Branchen Einzelhandel, Finanzen, Gesundheitswesen und SaaS.","breadcrumb":{"@id":"https:\/\/be-inf.ai\/cases\/#breadcrumb"},"inLanguage":"de","potentialAction":[{"@type":"ReadAction","target":["https:\/\/be-inf.ai\/cases\/"]}]},{"@type":"BreadcrumbList","@id":"https:\/\/be-inf.ai\/cases\/#breadcrumb","itemListElement":[{"@type":"ListItem","position":1,"name":"Home","item":"https:\/\/be-inf.ai\/"},{"@type":"ListItem","position":2,"name":"Cases"}]},{"@type":"WebSite","@id":"https:\/\/be-inf.ai\/#website","url":"https:\/\/be-inf.ai\/","name":"be-inf.ai","description":"","publisher":{"@id":"https:\/\/be-inf.ai\/#organization"},"potentialAction":[{"@type":"SearchAction","target":{"@type":"EntryPoint","urlTemplate":"https:\/\/be-inf.ai\/?s={search_term_string}"},"query-input":{"@type":"PropertyValueSpecification","valueRequired":true,"valueName":"search_term_string"}}],"inLanguage":"de"},{"@type":"Organization","@id":"https:\/\/be-inf.ai\/#organization","name":"be-inf.ai","url":"https:\/\/be-inf.ai\/","logo":{"@type":"ImageObject","inLanguage":"de","@id":"https:\/\/be-inf.ai\/#\/schema\/logo\/image\/","url":"https:\/\/be-inf.ai\/wp-content\/uploads\/2025\/12\/Layer_1.svg","contentUrl":"https:\/\/be-inf.ai\/wp-content\/uploads\/2025\/12\/Layer_1.svg","caption":"be-inf.ai"},"image":{"@id":"https:\/\/be-inf.ai\/#\/schema\/logo\/image\/"}}]}},"_links":{"self":[{"href":"https:\/\/be-inf.ai\/de\/wp-json\/wp\/v2\/pages\/1124","targetHints":{"allow":["GET"]}}],"collection":[{"href":"https:\/\/be-inf.ai\/de\/wp-json\/wp\/v2\/pages"}],"about":[{"href":"https:\/\/be-inf.ai\/de\/wp-json\/wp\/v2\/types\/page"}],"author":[{"embeddable":true,"href":"https:\/\/be-inf.ai\/de\/wp-json\/wp\/v2\/users\/1"}],"replies":[{"embeddable":true,"href":"https:\/\/be-inf.ai\/de\/wp-json\/wp\/v2\/comments?post=1124"}],"version-history":[{"count":13,"href":"https:\/\/be-inf.ai\/de\/wp-json\/wp\/v2\/pages\/1124\/revisions"}],"predecessor-version":[{"id":1413,"href":"https:\/\/be-inf.ai\/de\/wp-json\/wp\/v2\/pages\/1124\/revisions\/1413"}],"wp:attachment":[{"href":"https:\/\/be-inf.ai\/de\/wp-json\/wp\/v2\/media?parent=1124"}],"curies":[{"name":"wp","href":"https:\/\/api.w.org\/{rel}","templated":true}]}}